{"id":10,"date":"2025-05-24T12:49:18","date_gmt":"2025-05-24T10:49:18","guid":{"rendered":"https:\/\/homelaser.fr\/?page_id=10"},"modified":"2025-05-25T13:51:41","modified_gmt":"2025-05-25T11:51:41","slug":"contact","status":"publish","type":"page","link":"https:\/\/homelaser.fr\/index.php\/contact\/","title":{"rendered":"Contact"},"content":{"rendered":"\n<div class=\"wp-block-cover alignfull is-light has-parallax has-x-large-font-size wp-duotone-blue-orange\" style=\"border-style:none;border-width:0px\"><div role=\"img\" aria-label=\"pistolet laser valt 2 de Homelaser, soci\u00e9t\u00e9 fran\u00e7aise qui fabrique des \u00e9quipements de lasertag laser tag lasergame laser game. Le pistolet laser utilise le lora, le nfc, un viseur Holographique bicouleur avec 4 r\u00e9ticules. C'est un syst\u00e8me laser game pour centre de loisirs et \u00e9v\u00e9nementiel. C'est du mat\u00e9riel laser tag professionnel. Le fournisseur d'\u00e9quipements de laser game \u00e9tant Homelaser, ses clients aiment acheter des \u00e9quipements laser game made in France.n\" class=\"wp-block-cover__image-background wp-image-71 size-full has-parallax\" style=\"background-position:50% 50%;background-image:url(https:\/\/homelaser.fr\/wp-content\/uploads\/2025\/05\/acheter-equipement-laser-game-made-in-france-materiel-laser-tag-2.webp)\"><\/div><span aria-hidden=\"true\" class=\"wp-block-cover__background has-background-dim-30 has-background-dim wp-block-cover__gradient-background has-background-gradient\" style=\"background:linear-gradient(126deg,rgb(32,32,32) 0%,rgb(255,77,0) 100%)\"><\/span><div class=\"wp-block-cover__inner-container is-layout-flow wp-container-core-cover-is-layout-a77db08e wp-block-cover-is-layout-flow\">\n<div class=\"wp-block-group alignwide is-layout-flow wp-container-core-group-is-layout-c6cf46f9 wp-block-group-is-layout-flow\" style=\"border-radius:0px;margin-top:var(--wp--preset--spacing--40);margin-bottom:var(--wp--preset--spacing--40)\"><style id=\"wpforms-css-vars-179-block-bfea3b38-6306-42fc-b354-fa3ca449a396\">\n\t\t\t\t#wpforms-179.wpforms-block-bfea3b38-6306-42fc-b354-fa3ca449a396 {\n\t\t\t\t--wpforms-label-color: #fafafa;\n--wpforms-field-border-size: 0px;\n--wpforms-field-border-radius: 10px;\n--wpforms-field-background-color: #fafafa;\n--wpforms-field-text-color: #fafafa;\n--wpforms-button-border-radius: 10px;\n--wpforms-button-background-color: #ff4d00;\n--wpforms-button-text-color: #fafafa;\n--wpforms-field-size-input-height: 43px;\n--wpforms-field-size-input-spacing: 15px;\n--wpforms-field-size-font-size: 16px;\n--wpforms-field-size-line-height: 19px;\n--wpforms-field-size-padding-h: 14px;\n--wpforms-field-size-checkbox-size: 16px;\n--wpforms-field-size-sublabel-spacing: 5px;\n--wpforms-field-size-icon-size: 1;\n--wpforms-label-size-font-size: 16px;\n--wpforms-label-size-line-height: 19px;\n--wpforms-label-size-sublabel-font-size: 14px;\n--wpforms-label-size-sublabel-line-height: 17px;\n--wpforms-button-size-font-size: 20px;\n--wpforms-button-size-height: 48px;\n--wpforms-button-size-padding-h: 20px;\n--wpforms-button-size-margin-top: 15px;\n\t\t\t}\n\t\t\t<\/style><div class=\"wpforms-container wpforms-container-full wpforms-block wpforms-block-bfea3b38-6306-42fc-b354-fa3ca449a396 wpforms-render-modern\" id=\"wpforms-179\"><form id=\"wpforms-form-179\" class=\"wpforms-validate wpforms-form wpforms-ajax-form\" data-formid=\"179\" method=\"post\" enctype=\"multipart\/form-data\" action=\"\/index.php\/wp-json\/wp\/v2\/pages\/10\" data-token=\"6f62e199c2d68a0624800523ffaae49d\" data-token-time=\"1776445668\"><noscript class=\"wpforms-error-noscript\">Please enable JavaScript in your browser to complete this form.<\/noscript><div id=\"wpforms-error-noscript\" style=\"display: none;\">Please enable JavaScript in your browser to complete this form.<\/div><div class=\"wpforms-field-container\"><div id=\"wpforms-179-field_9-container\" class=\"wpforms-field wpforms-field-text\" data-field-id=\"9\"><label class=\"wpforms-field-label\" for=\"wpforms-179-field_9\">Nom <span class=\"wpforms-required-label\" aria-hidden=\"true\">*<\/span><\/label><input type=\"text\" id=\"wpforms-179-field_9\" class=\"wpforms-field-medium wpforms-field-required wpforms-limit-characters-enabled\" data-form-id=\"179\" data-field-id=\"9\" data-text-limit=\"45\" name=\"wpforms[fields][9]\" aria-errormessage=\"wpforms-179-field_9-error\" maxlength=\"45\" required><\/div><div id=\"wpforms-179-field_5-container\" class=\"wpforms-field wpforms-field-text\" data-field-id=\"5\"><label class=\"wpforms-field-label\" for=\"wpforms-179-field_5\">Entreprise <span class=\"wpforms-required-label\" aria-hidden=\"true\">*<\/span><\/label><input type=\"text\" id=\"wpforms-179-field_5\" class=\"wpforms-field-medium wpforms-field-required wpforms-limit-characters-enabled\" data-form-id=\"179\" data-field-id=\"5\" data-text-limit=\"45\" name=\"wpforms[fields][5]\" aria-errormessage=\"wpforms-179-field_5-error\" maxlength=\"45\" required><\/div><div id=\"wpforms-179-field_6-container\" class=\"wpforms-field wpforms-field-text\" data-field-id=\"6\"><label class=\"wpforms-field-label\" for=\"wpforms-179-field_6\">T\u00e9l\u00e9phone<\/label><input type=\"text\" id=\"wpforms-179-field_6\" class=\"wpforms-field-medium wpforms-limit-characters-enabled\" data-form-id=\"179\" data-field-id=\"6\" data-text-limit=\"45\" name=\"wpforms[fields][6]\" aria-errormessage=\"wpforms-179-field_6-error\" maxlength=\"45\" ><\/div><div id=\"wpforms-179-field_2-container\" class=\"wpforms-field wpforms-field-email\" data-field-id=\"2\"><label class=\"wpforms-field-label\" for=\"wpforms-179-field_2\">E-mail <span class=\"wpforms-required-label\" aria-hidden=\"true\">*<\/span><\/label><input type=\"email\" id=\"wpforms-179-field_2\" class=\"wpforms-field-medium wpforms-field-required\" name=\"wpforms[fields][2]\" spellcheck=\"false\" aria-errormessage=\"wpforms-179-field_2-error\" required><\/div>\t\t<div id=\"wpforms-179-field_1-container\"\n\t\t\tclass=\"wpforms-field wpforms-field-text\"\n\t\t\tdata-field-type=\"text\"\n\t\t\tdata-field-id=\"1\"\n\t\t\t>\n\t\t\t<label class=\"wpforms-field-label\" for=\"wpforms-179-field_1\" >message Commentaire Entreprise<\/label>\n\t\t\t<input type=\"text\" id=\"wpforms-179-field_1\" class=\"wpforms-field-medium\" name=\"wpforms[fields][1]\" >\n\t\t<\/div>\n\t\t<div id=\"wpforms-179-field_3-container\" class=\"wpforms-field wpforms-field-textarea\" data-field-id=\"3\"><label class=\"wpforms-field-label\" for=\"wpforms-179-field_3\">Commentaire ou message <span class=\"wpforms-required-label\" aria-hidden=\"true\">*<\/span><\/label><textarea id=\"wpforms-179-field_3\" class=\"wpforms-field-medium wpforms-field-required wpforms-limit-characters-enabled\" data-form-id=\"179\" data-field-id=\"3\" data-text-limit=\"5000\" name=\"wpforms[fields][3]\" aria-errormessage=\"wpforms-179-field_3-error\" maxlength=\"5000\" required><\/textarea><\/div><script>\n\t\t\t\t( function() {\n\t\t\t\t\tconst style = document.createElement( 'style' );\n\t\t\t\t\tstyle.appendChild( document.createTextNode( '#wpforms-179-field_1-container { position: absolute !important; overflow: hidden !important; display: inline !important; height: 1px !important; width: 1px !important; z-index: -1000 !important; padding: 0 !important; } #wpforms-179-field_1-container input { visibility: hidden; } #wpforms-conversational-form-page #wpforms-179-field_1-container label { counter-increment: none; }' ) );\n\t\t\t\t\tdocument.head.appendChild( style );\n\t\t\t\t\tdocument.currentScript?.remove();\n\t\t\t\t} )();\n\t\t\t<\/script><\/div><!-- .wpforms-field-container --><div class=\"wpforms-submit-container\" ><input type=\"hidden\" name=\"wpforms[id]\" value=\"179\"><input type=\"hidden\" name=\"page_title\" value=\"\"><input type=\"hidden\" name=\"page_url\" value=\"https:\/\/homelaser.fr\/index.php\/wp-json\/wp\/v2\/pages\/10\"><input type=\"hidden\" name=\"url_referer\" value=\"\"><button type=\"submit\" name=\"wpforms[submit]\" id=\"wpforms-submit-179\" class=\"wpforms-submit hvr-bob\" data-alt-text=\"Envoi...\" data-submit-text=\"Envoyer\" aria-live=\"assertive\" value=\"wpforms-submit\">Envoyer<\/button><img loading=\"lazy\" decoding=\"async\" src=\"https:\/\/homelaser.fr\/wp-content\/plugins\/wpforms-lite\/assets\/images\/submit-spin.svg\" class=\"wpforms-submit-spinner\" style=\"display: none;\" width=\"26\" height=\"26\" alt=\"Loading\"><\/div><\/form><\/div>  <!-- .wpforms-container -->\n\n\n<p class=\"has-text-align-left has-text-color has-link-color has-small-font-size wp-elements-342c13a0dd6cfa1ba26447738df45d05\" style=\"color:#fafafa87;margin-top:0;margin-right:0rem;margin-bottom:0;margin-left:10rem\">En cliquant sur le bouton Envoyer vous acceptez notre <a href=\"https:\/\/homelaser.fr\/index.php\/mentions\/#confidentialite\">politique de confidentialit\u00e9<\/a>.<\/p>\n<\/div>\n<\/div><\/div>\n\n\n\n<p><\/p>\n","protected":false},"excerpt":{"rendered":"","protected":false},"author":1,"featured_media":0,"parent":0,"menu_order":0,"comment_status":"closed","ping_status":"closed","template":"","meta":{"site-sidebar-layout":"no-sidebar","site-content-layout":"plain-container","ast-site-content-layout":"default","site-content-style":"default","site-sidebar-style":"default","ast-global-header-display":"","ast-banner-title-visibility":"","ast-main-header-display":"","ast-hfb-above-header-display":"","ast-hfb-below-header-display":"","ast-hfb-mobile-header-display":"","site-post-title":"disabled","ast-breadcrumbs-content":"","ast-featured-img":"","footer-sml-layout":"","ast-disable-related-posts":"","theme-transparent-header-meta":"enabled","adv-header-id-meta":"","stick-header-meta":"","header-above-stick-meta":"","header-main-stick-meta":"","header-below-stick-meta":"","astra-migrate-meta-layouts":"default","ast-page-background-enabled":"default","ast-page-background-meta":{"desktop":{"background-color":"var(--ast-global-color-5)","background-image":"","background-repeat":"repeat","background-position":"center center","background-size":"auto","background-attachment":"scroll","background-type":"","background-media":"","overlay-type":"","overlay-color":"","overlay-opacity":"","overlay-gradient":""},"tablet":{"background-color":"","background-image":"","background-repeat":"repeat","background-position":"center center","background-size":"auto","background-attachment":"scroll","background-type":"","background-media":"","overlay-type":"","overlay-color":"","overlay-opacity":"","overlay-gradient":""},"mobile":{"background-color":"","background-image":"","background-repeat":"repeat","background-position":"center center","background-size":"auto","background-attachment":"scroll","background-type":"","background-media":"","overlay-type":"","overlay-color":"","overlay-opacity":"","overlay-gradient":""}},"ast-content-background-meta":{"desktop":{"background-color":"var(--ast-global-color-4)","background-image":"","background-repeat":"repeat","background-position":"center center","background-size":"auto","background-attachment":"scroll","background-type":"","background-media":"","overlay-type":"","overlay-color":"","overlay-opacity":"","overlay-gradient":""},"tablet":{"background-color":"var(--ast-global-color-4)","background-image":"","background-repeat":"repeat","background-position":"center center","background-size":"auto","background-attachment":"scroll","background-type":"","background-media":"","overlay-type":"","overlay-color":"","overlay-opacity":"","overlay-gradient":""},"mobile":{"background-color":"var(--ast-global-color-4)","background-image":"","background-repeat":"repeat","background-position":"center center","background-size":"auto","background-attachment":"scroll","background-type":"","background-media":"","overlay-type":"","overlay-color":"","overlay-opacity":"","overlay-gradient":""}},"footnotes":""},"class_list":["post-10","page","type-page","status-publish","hentry"],"yoast_head":"<!-- This site is optimized with the Yoast SEO plugin v27.2 - https:\/\/yoast.com\/product\/yoast-seo-wordpress\/ -->\n<title>Contact - Homelaser<\/title>\n<meta name=\"robots\" content=\"index, follow, max-snippet:-1, max-image-preview:large, max-video-preview:-1\" \/>\n<link rel=\"canonical\" href=\"https:\/\/homelaser.fr\/index.php\/contact\/\" \/>\n<meta property=\"og:locale\" content=\"en_US\" \/>\n<meta property=\"og:type\" content=\"article\" \/>\n<meta property=\"og:title\" content=\"Contact - Homelaser\" \/>\n<meta property=\"og:url\" content=\"https:\/\/homelaser.fr\/index.php\/contact\/\" \/>\n<meta property=\"og:site_name\" content=\"Homelaser\" \/>\n<meta property=\"article:modified_time\" content=\"2025-05-25T11:51:41+00:00\" \/>\n<meta name=\"twitter:card\" content=\"summary_large_image\" \/>\n<meta name=\"twitter:label1\" content=\"Est. reading time\" \/>\n\t<meta name=\"twitter:data1\" content=\"1 minute\" \/>\n<script type=\"application\/ld+json\" class=\"yoast-schema-graph\">{\"@context\":\"https:\/\/schema.org\",\"@graph\":[{\"@type\":\"WebPage\",\"@id\":\"https:\/\/homelaser.fr\/index.php\/contact\/\",\"url\":\"https:\/\/homelaser.fr\/index.php\/contact\/\",\"name\":\"Contact - Homelaser\",\"isPartOf\":{\"@id\":\"https:\/\/homelaser.fr\/#website\"},\"datePublished\":\"2025-05-24T10:49:18+00:00\",\"dateModified\":\"2025-05-25T11:51:41+00:00\",\"breadcrumb\":{\"@id\":\"https:\/\/homelaser.fr\/index.php\/contact\/#breadcrumb\"},\"inLanguage\":\"en-US\",\"potentialAction\":[{\"@type\":\"ReadAction\",\"target\":[\"https:\/\/homelaser.fr\/index.php\/contact\/\"]}]},{\"@type\":\"BreadcrumbList\",\"@id\":\"https:\/\/homelaser.fr\/index.php\/contact\/#breadcrumb\",\"itemListElement\":[{\"@type\":\"ListItem\",\"position\":1,\"name\":\"Accueil\",\"item\":\"https:\/\/homelaser.fr\/\"},{\"@type\":\"ListItem\",\"position\":2,\"name\":\"Contact\"}]},{\"@type\":\"WebSite\",\"@id\":\"https:\/\/homelaser.fr\/#website\",\"url\":\"https:\/\/homelaser.fr\/\",\"name\":\"Homelaser\",\"description\":\"Conception made in France, le choix strat\u00e9gique des pros du loisir.\",\"publisher\":{\"@id\":\"https:\/\/homelaser.fr\/#organization\"},\"potentialAction\":[{\"@type\":\"SearchAction\",\"target\":{\"@type\":\"EntryPoint\",\"urlTemplate\":\"https:\/\/homelaser.fr\/?s={search_term_string}\"},\"query-input\":{\"@type\":\"PropertyValueSpecification\",\"valueRequired\":true,\"valueName\":\"search_term_string\"}}],\"inLanguage\":\"en-US\"},{\"@type\":\"Organization\",\"@id\":\"https:\/\/homelaser.fr\/#organization\",\"name\":\"Homelaser\",\"url\":\"https:\/\/homelaser.fr\/\",\"logo\":{\"@type\":\"ImageObject\",\"inLanguage\":\"en-US\",\"@id\":\"https:\/\/homelaser.fr\/#\/schema\/logo\/image\/\",\"url\":\"http:\/\/homelaser.fr\/wp-content\/uploads\/2025\/05\/Logo-Black-Large.png\",\"contentUrl\":\"http:\/\/homelaser.fr\/wp-content\/uploads\/2025\/05\/Logo-Black-Large.png\",\"width\":686,\"height\":88,\"caption\":\"Homelaser\"},\"image\":{\"@id\":\"https:\/\/homelaser.fr\/#\/schema\/logo\/image\/\"}}]}<\/script>\n<!-- \/ Yoast SEO plugin. -->","yoast_head_json":{"title":"Contact - Homelaser","robots":{"index":"index","follow":"follow","max-snippet":"max-snippet:-1","max-image-preview":"max-image-preview:large","max-video-preview":"max-video-preview:-1"},"canonical":"https:\/\/homelaser.fr\/index.php\/contact\/","og_locale":"en_US","og_type":"article","og_title":"Contact - Homelaser","og_url":"https:\/\/homelaser.fr\/index.php\/contact\/","og_site_name":"Homelaser","article_modified_time":"2025-05-25T11:51:41+00:00","twitter_card":"summary_large_image","twitter_misc":{"Est. reading time":"1 minute"},"schema":{"@context":"https:\/\/schema.org","@graph":[{"@type":"WebPage","@id":"https:\/\/homelaser.fr\/index.php\/contact\/","url":"https:\/\/homelaser.fr\/index.php\/contact\/","name":"Contact - Homelaser","isPartOf":{"@id":"https:\/\/homelaser.fr\/#website"},"datePublished":"2025-05-24T10:49:18+00:00","dateModified":"2025-05-25T11:51:41+00:00","breadcrumb":{"@id":"https:\/\/homelaser.fr\/index.php\/contact\/#breadcrumb"},"inLanguage":"en-US","potentialAction":[{"@type":"ReadAction","target":["https:\/\/homelaser.fr\/index.php\/contact\/"]}]},{"@type":"BreadcrumbList","@id":"https:\/\/homelaser.fr\/index.php\/contact\/#breadcrumb","itemListElement":[{"@type":"ListItem","position":1,"name":"Accueil","item":"https:\/\/homelaser.fr\/"},{"@type":"ListItem","position":2,"name":"Contact"}]},{"@type":"WebSite","@id":"https:\/\/homelaser.fr\/#website","url":"https:\/\/homelaser.fr\/","name":"Homelaser","description":"Conception made in France, le choix strat\u00e9gique des pros du loisir.","publisher":{"@id":"https:\/\/homelaser.fr\/#organization"},"potentialAction":[{"@type":"SearchAction","target":{"@type":"EntryPoint","urlTemplate":"https:\/\/homelaser.fr\/?s={search_term_string}"},"query-input":{"@type":"PropertyValueSpecification","valueRequired":true,"valueName":"search_term_string"}}],"inLanguage":"en-US"},{"@type":"Organization","@id":"https:\/\/homelaser.fr\/#organization","name":"Homelaser","url":"https:\/\/homelaser.fr\/","logo":{"@type":"ImageObject","inLanguage":"en-US","@id":"https:\/\/homelaser.fr\/#\/schema\/logo\/image\/","url":"http:\/\/homelaser.fr\/wp-content\/uploads\/2025\/05\/Logo-Black-Large.png","contentUrl":"http:\/\/homelaser.fr\/wp-content\/uploads\/2025\/05\/Logo-Black-Large.png","width":686,"height":88,"caption":"Homelaser"},"image":{"@id":"https:\/\/homelaser.fr\/#\/schema\/logo\/image\/"}}]}},"_links":{"self":[{"href":"https:\/\/homelaser.fr\/index.php\/wp-json\/wp\/v2\/pages\/10","targetHints":{"allow":["GET"]}}],"collection":[{"href":"https:\/\/homelaser.fr\/index.php\/wp-json\/wp\/v2\/pages"}],"about":[{"href":"https:\/\/homelaser.fr\/index.php\/wp-json\/wp\/v2\/types\/page"}],"author":[{"embeddable":true,"href":"https:\/\/homelaser.fr\/index.php\/wp-json\/wp\/v2\/users\/1"}],"replies":[{"embeddable":true,"href":"https:\/\/homelaser.fr\/index.php\/wp-json\/wp\/v2\/comments?post=10"}],"version-history":[{"count":77,"href":"https:\/\/homelaser.fr\/index.php\/wp-json\/wp\/v2\/pages\/10\/revisions"}],"predecessor-version":[{"id":212,"href":"https:\/\/homelaser.fr\/index.php\/wp-json\/wp\/v2\/pages\/10\/revisions\/212"}],"wp:attachment":[{"href":"https:\/\/homelaser.fr\/index.php\/wp-json\/wp\/v2\/media?parent=10"}],"curies":[{"name":"wp","href":"https:\/\/api.w.org\/{rel}","templated":true}]}}